{"id":98,"date":"2019-03-07T17:07:08","date_gmt":"2019-03-07T17:07:08","guid":{"rendered":"https:\/\/entornohunterdouglas.com\/?page_id=98"},"modified":"2019-03-07T17:07:08","modified_gmt":"2019-03-07T17:07:08","slug":"pirouette","status":"publish","type":"page","link":"https:\/\/entornohunterdouglas.com\/index.php\/pirouette\/","title":{"rendered":"Pirouette"},"content":{"rendered":"<section id=\"detalle\" class=\"section center\">\n<div class=\"wow fadeIn animated\">\n<div class=\"texto textcenter\">\n<p>Cortina Pirouette\u00ae tiene un dise\u00f1o \u00fanico con l\u00e1minas horizontales de tela que van adheridas a una capa sheer posterior, formando delicados pliegues que parecen flotar sobre la ventana. Mantienen el mismo look &#8211; atractivo y lujoso- de la cortina Romana, con la ventaja de ofrecer claridad y transparencia; adem\u00e1s entregan un innovador control de luz, ya que sus l\u00e1minas de tela pueden estar completamente cerradas para otorgar total privacidad, o pueden ser levemente recogidas para controlar tanto el ingreso de luz como la visibilidad al exterior.<\/p>\n<\/div>\n<\/div>\n<\/section>\n<div id=\"boxes\">\n<div class=\"box wow fadeInRight animated\">\n<div class=\"texto\">\n<div class=\"middle\">\n<h3>Caracter\u00edstica Principal<\/h3>\n<p>La Cortina Pirouette\u00ae combina lo mejor de las telas tradicionales con control de luz, protecci\u00f3n UV, reducci\u00f3n de altos contrastes y privacidad. Posee un exclusivo dise\u00f1o de l\u00e1minas horizontales en una capa sheer que parecen flotar sobre la ventana, ofreciendo un look atractivo y lujoso que otorga claridad y transparencia.<\/p>\n<\/div>\n<\/div>\n<div class=\"img\"><a class=\"video scale-effect \" title=\"Caracter\u00edstica Principal\"><img loading=\"lazy\" decoding=\"async\" class=\"fullwidth\" title=\"Caracter\u00edstica Principal\" src=\"http:\/\/www.hunterdouglas.com.ec\/cortinas\/img\/ec\/productos_display\/843x338-1\/pirouette1.jpg\" alt=\"Caracter\u00edstica Principal\" width=\"843\" height=\"338\"><\/a><\/div>\n<\/div>\n<div class=\"box wow textleft fadeInLeft animated\">\n<div class=\"texto\">\n<div class=\"middle\">\n<h3>Look elegante y moderno<\/h3>\n<p>Sus suaves l\u00e1minas horizontales al estar abiertas parecen flotar en la ventana y gracias a su innovador sistema Invisi-Lift\u00ae con hilos transparentes, es posible abrir y cerrar los pliegues sin interferir con la visi\u00f3n hacia el exterior.<\/p>\n<\/div>\n<\/div>\n<div class=\"img\"><a class=\"video scale-effect \" title=\"Look elegante y moderno\"><img loading=\"lazy\" decoding=\"async\" class=\"fullwidth\" title=\"Look elegante y moderno\" src=\"http:\/\/www.hunterdouglas.com.ec\/cortinas\/img\/ec\/productos_display\/843x338-1\/pirouette_opened.jpg\" alt=\"Look elegante y moderno\" width=\"843\" height=\"338\"><\/a><\/div>\n<\/div>\n<div class=\"box wow fadeInRight animated\">\n<div class=\"texto\">\n<div class=\"middle\">\n<h3>Variedad de Accionamientos<\/h3>\n<p>Conoce algunos de los accionamientos disponibles para este producto:<\/p>\n<ul>\n<li><strong>EasyRise: <\/strong>cord\u00f3n continuo que permanece del mismo tama\u00f1o, a trav\u00e9s del cual puede realizar f\u00e1cilmente todos los movimientos de la cortina.<\/li>\n<li><strong>Ultraglide: <\/strong>Accionamiento que utiliza un cord\u00f3n&nbsp;retr\u00e1ctil para subir o bajar la cortina.<\/li>\n<li><strong>Motorizaci\u00f3n PowerRise:&nbsp;<\/strong>Permite accionar cortinas Duette individuales o en grupo con total comodidad, a trav\u00e9s de control remoto, interruptor inal\u00e1mbrico o ambos combinados.<\/li>\n<\/ul>\n<p>Todos los accionamientos disponibles para Cortinas Pirouette poseen el sello \u201cChild Safety\u201d, es decir, brindan seguridad tanto a ni\u00f1os como a mascotas.<\/p>\n<\/div>\n<\/div>\n<div class=\"img\"><a class=\"video scale-effect \" title=\"Variedad de Accionamientos\"><img loading=\"lazy\" decoding=\"async\" class=\"fullwidth\" title=\"Variedad de Accionamientos\" src=\"http:\/\/www.hunterdouglas.com.ec\/cortinas\/img\/ec\/productos_display\/843x338-1\/foto%20powerrise-01.jpg\" alt=\"Variedad de Accionamientos\" width=\"843\" height=\"338\"><\/a><\/div>\n<\/div>\n<div class=\"box wow textleft fadeInLeft animated\">\n<div class=\"texto\">\n<div class=\"middle\">\n<h3>Control Lum\u00ednico<\/h3>\n<p>Permite controlar la entrada de luz, protecci\u00f3n UV y reducci\u00f3n de altos contrastes, sus pliegues horizontales de tela flotan elegantemente en la ventana, ofreciendo opacidad cuando est\u00e1n cerrados y transparencia cuando est\u00e1n abiertos. Adem\u00e1s, puede estar completamente enrollada dentro del cabezal, dejando la ventana totalmente despejada.<\/p>\n<\/div>\n<\/div>\n<div class=\"img\"><a class=\"video scale-effect \" title=\"Control Lum\u00ednico\"><img loading=\"lazy\" decoding=\"async\" class=\"fullwidth\" title=\"Control Lum\u00ednico\" src=\"http:\/\/www.hunterdouglas.com.ec\/cortinas\/img\/ec\/productos_display\/843x338-1\/pirouette_opened_1.jpg\" alt=\"Control Lum\u00ednico\" width=\"843\" height=\"338\"><\/a><\/div>\n<\/div>\n<div class=\"box wow fadeInRight animated\">\n<div class=\"texto\">\n<div class=\"middle\">\n<h3>Decorativas y funcionales<\/h3>\n<p>Equilibrio perfecto para decorar cualquier ambiente con funcionalidad y est\u00e9tica .Bloquea hasta en un 81% los rayos solares cuando los pliegues est\u00e1n abiertos, y hasta 99% cuando la cortina se cierra completamente. Est\u00e1 disponible en colecciones semi-opaque y room darkening con pliegues de 4\u201d y 5\u201d.<\/p>\n<div>\n<p>Adem\u00e1s permite alcanzar grandes medidas para grandes ventanales y puede ser utilizada en conjunto con Cortina Luminette\u00ae, para crear un look diferente y moderno en su hogar.<\/p>\n<\/div>\n<\/div>\n<\/div>\n<\/div>\n<\/div>\n","protected":false},"excerpt":{"rendered":"<p>Cortina Pirouette\u00ae tiene un dise\u00f1o \u00fanico con l\u00e1minas horizontales de tela que van adheridas a una capa sheer posterior, formando delicados pliegues que parecen flotar sobre la ventana. Mantienen el mismo look<a class=\"moretag\" href=\"https:\/\/entornohunterdouglas.com\/index.php\/pirouette\/\">Leer m\u00e1s&#8230;<\/a><\/p>\n","protected":false},"author":1,"featured_media":99,"parent":0,"menu_order":0,"comment_status":"closed","ping_status":"closed","template":"","meta":{"_joinchat":[],"footnotes":""},"class_list":["post-98","page","type-page","status-publish","has-post-thumbnail","hentry"],"_links":{"self":[{"href":"https:\/\/entornohunterdouglas.com\/index.php\/wp-json\/wp\/v2\/pages\/98","targetHints":{"allow":["GET"]}}],"collection":[{"href":"https:\/\/entornohunterdouglas.com\/index.php\/wp-json\/wp\/v2\/pages"}],"about":[{"href":"https:\/\/entornohunterdouglas.com\/index.php\/wp-json\/wp\/v2\/types\/page"}],"author":[{"embeddable":true,"href":"https:\/\/entornohunterdouglas.com\/index.php\/wp-json\/wp\/v2\/users\/1"}],"replies":[{"embeddable":true,"href":"https:\/\/entornohunterdouglas.com\/index.php\/wp-json\/wp\/v2\/comments?post=98"}],"version-history":[{"count":1,"href":"https:\/\/entornohunterdouglas.com\/index.php\/wp-json\/wp\/v2\/pages\/98\/revisions"}],"predecessor-version":[{"id":100,"href":"https:\/\/entornohunterdouglas.com\/index.php\/wp-json\/wp\/v2\/pages\/98\/revisions\/100"}],"wp:featuredmedia":[{"embeddable":true,"href":"https:\/\/entornohunterdouglas.com\/index.php\/wp-json\/wp\/v2\/media\/99"}],"wp:attachment":[{"href":"https:\/\/entornohunterdouglas.com\/index.php\/wp-json\/wp\/v2\/media?parent=98"}],"curies":[{"name":"wp","href":"https:\/\/api.w.org\/{rel}","templated":true}]}}