{"id":89,"date":"2019-03-07T17:04:23","date_gmt":"2019-03-07T17:04:23","guid":{"rendered":"https:\/\/entornohunterdouglas.com\/?page_id=89"},"modified":"2019-03-07T17:04:23","modified_gmt":"2019-03-07T17:04:23","slug":"duette","status":"publish","type":"page","link":"https:\/\/entornohunterdouglas.com\/index.php\/duette\/","title":{"rendered":"Duette"},"content":{"rendered":"<section id=\"detalle\" class=\"section center\">\n<div class=\"wow fadeIn animated\">\n<div class=\"texto textcenter\">\n<p>La Cortina Duette\u00ae, fabricada en tela de poliester y recubierta de PVC, posee una estructura celular de celdas tipo panal que otorgan aislaci\u00f3n t\u00e9rmica y absorci\u00f3n ac\u00fastica. Sus diferentes texturas permiten varios niveles de filtro de luz: desde la transparencia total hasta la oscuridad total (blackout), perfectas para obtener privacidad y control total de luz en habitaciones, salas y diferentes ambientes. Las Cortinas Duette\u00ae destacan no s\u00f3lo por ser blackout sino tambi\u00e9n por aportar est\u00e9ticamente al espacio donde son instaladas; adem\u00e1s no poseen perforaciones visibles gracias a que sus cordones de accionamiento bajan por el interior de la tela. Disponibles en 3 tama\u00f1os de celda 3\/8\u2019\u2019, \u00be\u2019\u2019 y 1\u00bc\u2019\u2019, las Cortinas Duette\u00ae pueden ser fabricadas en pa\u00f1o continuo de hasta 4.40mts, motorizada y accionada mediante control remoto, permitiendo su instalaci\u00f3n en altura o lugares de dif\u00edcil acceso para su operaci\u00f3n. Elija materiales seg\u00fan su opacidad y textura y obtenga el m\u00e1ximo de potencial de sus cortinas blackout.<\/p>\n<\/div>\n<\/div>\n<\/section>\n<div id=\"boxes\">\n<div class=\"box wow fadeInRight animated\">\n<div class=\"texto\">\n<div class=\"middle\">\n<h3>Caracter\u00edstica Principal<\/h3>\n<ul>\n<li>Las Cortinas Duette son un producto de alta eficiencia energ\u00e9tica y son en el mercado las que reducen en mayor medida la p\u00e9rdida de energ\u00eda, generando con ello un ahorro en la econom\u00eda del hogar y cuidando al medioambiente.<\/li>\n<li>Su dise\u00f1o, sin cordones a la vista, otorga una est\u00e9tica moderna y con un m\u00ednimo gap de luz, permitien ofrecer el mejor black out del mercado.<\/li>\n<li>Sus telas en diferentes tonalidades, texturas y opaciadades permiten&nbsp;obtener completa privacidad y un control total de luz y disfrutar de la luz solar sin ser obstaculizado por brillos o reflejos no deseados. Adem\u00e1s, protegen los muebles y tapices del desgaste producido por los rayos UV.<\/li>\n<\/ul>\n<\/div>\n<\/div>\n<div class=\"img\"><a class=\"video scale-effect \" title=\"Caracter\u00edstica Principal\"><img loading=\"lazy\" decoding=\"async\" class=\"fullwidth\" title=\"Caracter\u00edstica Principal\" src=\"http:\/\/www.hunterdouglas.com.ec\/cortinas\/img\/ec\/productos_display\/843x338-1\/duette13.jpg\" alt=\"Caracter\u00edstica Principal\" width=\"843\" height=\"338\"><\/a><\/div>\n<\/div>\n<div class=\"box wow textleft fadeInLeft animated\">\n<div class=\"texto\">\n<div class=\"middle\">\n<h3>Telas y texturas<\/h3>\n<ul>\n<li>Bellas colecciones de telas que combinan elegantes dise\u00f1os, finas tonalidad y alta tecnolog\u00eda en su fabricaci\u00f3n para ofrecer la mayor eficiencia energ\u00e9tica del mercado, sumado a diferentes texturas que permiten lograr diferentes niveles de filtro de luz.<\/li>\n<li>Cortinas blackout, las mejores del mercado, perfectas para obtener privacidad y control total de luz.<\/li>\n<\/ul>\n<\/div>\n<\/div>\n<div class=\"img\"><a class=\"video scale-effect \" title=\"Telas y texturas\"><img loading=\"lazy\" decoding=\"async\" class=\"fullwidth\" title=\"Telas y texturas\" src=\"http:\/\/www.hunterdouglas.com.ec\/cortinas\/img\/ec\/productos_display\/843x338-1\/duette3%20display.jpg\" alt=\"Telas y texturas\" width=\"843\" height=\"338\"><\/a><\/div>\n<\/div>\n<div class=\"box wow fadeInRight animated\">\n<div class=\"texto\">\n<div class=\"middle\">\n<h3>Motorizaci\u00f3n PowerRise<\/h3>\n<ul>\n<li>Permite accionar cortinas motorizadas Duette individuales o en grupo con total comodidad, a trav\u00e9s de control remoto, interruptor inal\u00e1mbrico o ambos combinados, de forma silenciosa.<\/li>\n<li>En soluciones avanzadas, permite simular presencia programando el accionar de las cortinas aunque el espacio no est\u00e9 habitado.<\/li>\n<li>Combinando las cortinas Duette\u00ae con Motorizaci\u00f3n PowerRise\u2122 se puede lograr la mejor eficiencia energ\u00e9tica del mercado, ya que permite programar las cortinas para que se accionen de acuerdo al movimiento del sol.<\/li>\n<\/ul>\n<\/div>\n<\/div>\n<div class=\"img\"><a class=\"video scale-effect \" title=\"Motorizaci\u00f3n PowerRise\"><img loading=\"lazy\" decoding=\"async\" class=\"fullwidth\" title=\"Motorizaci\u00f3n PowerRise\" src=\"http:\/\/www.hunterdouglas.com.ec\/cortinas\/img\/ec\/productos_display\/843x338-1\/foto%20powerrise-01.jpg\" alt=\"Motorizaci\u00f3n PowerRise\" width=\"843\" height=\"338\"><\/a><\/div>\n<\/div>\n<div class=\"box wow textleft fadeInLeft animated\">\n<div class=\"texto\">\n<div class=\"middle\">\n<h3>Alcanza grandes dimensiones<\/h3>\n<p>Permite grandes tama\u00f1os en pa\u00f1os continuos de hasta 4.40m de ancho. Con motorizaci\u00f3n PowerRise, puedes accionar cortinas grandes de hasta 10m2 con transformador.<\/p>\n<\/div>\n<\/div>\n<div class=\"img\"><a class=\"video scale-effect \" title=\"Alcanza grandes dimensiones\"><img loading=\"lazy\" decoding=\"async\" class=\"fullwidth\" title=\"Alcanza grandes dimensiones\" src=\"http:\/\/www.hunterdouglas.com.ec\/cortinas\/img\/ec\/productos_display\/843x338-1\/duette2%20display.jpg\" alt=\"Alcanza grandes dimensiones\" width=\"843\" height=\"338\"><\/a><\/div>\n<\/div>\n<div class=\"box wow fadeInRight animated\">\n<div class=\"texto\">\n<div class=\"middle\">\n<h3>Aislaci\u00f3n t\u00e9rmica y ac\u00fastica<\/h3>\n<ul>\n<li>La colecci\u00f3n Architella\u00ae, gracias a su estructura de tres capas que atrapan el aire en su interior ayudan a mantener tu casa confortable en invierno y verano, siendo un producto que permite lograr una alta eficiencia energ\u00e9tica<\/li>\n<li>Beneficios en invierno: permite reducir la p\u00e9rdida de calor hasta en un 40%.<\/li>\n<li>Beneficios en verano: permite reducir la ganancia de calor en casi un 80%<\/li>\n<li>Ayudan adem\u00e1s a mejorar significativamente la ac\u00fastica de la habitaci\u00f3n.<\/li>\n<li>De esta forma, las cortinas Duette crean ambientes m\u00e1s confortables en cualquier clima y estaci\u00f3n del a\u00f1o.<\/li>\n<\/ul>\n<\/div>\n<\/div>\n<div class=\"img\"><a class=\"video scale-effect \" title=\"Aislaci\u00f3n t\u00e9rmica y ac\u00fastica\"><img loading=\"lazy\" decoding=\"async\" class=\"fullwidth\" title=\"Aislaci\u00f3n t\u00e9rmica y ac\u00fastica\" src=\"http:\/\/www.hunterdouglas.com.ec\/cortinas\/img\/ec\/productos_display\/843x338-1\/duette1.jpg\" alt=\"Aislaci\u00f3n t\u00e9rmica y ac\u00fastica\" width=\"843\" height=\"338\"><\/a><\/div>\n<div class=\"clear\"><\/div>\n<\/div>\n<\/div>\n<section id=\"galeria\" class=\"section\">\n<div class=\"center\"><\/div>\n<\/section>\n","protected":false},"excerpt":{"rendered":"<p>La Cortina Duette\u00ae, fabricada en tela de poliester y recubierta de PVC, posee una estructura celular de celdas tipo panal que otorgan aislaci\u00f3n t\u00e9rmica y absorci\u00f3n ac\u00fastica. Sus diferentes texturas permiten varios<a class=\"moretag\" href=\"https:\/\/entornohunterdouglas.com\/index.php\/duette\/\">Leer m\u00e1s&#8230;<\/a><\/p>\n","protected":false},"author":1,"featured_media":90,"parent":0,"menu_order":0,"comment_status":"closed","ping_status":"closed","template":"","meta":{"_joinchat":[],"footnotes":""},"class_list":["post-89","page","type-page","status-publish","has-post-thumbnail","hentry"],"_links":{"self":[{"href":"https:\/\/entornohunterdouglas.com\/index.php\/wp-json\/wp\/v2\/pages\/89","targetHints":{"allow":["GET"]}}],"collection":[{"href":"https:\/\/entornohunterdouglas.com\/index.php\/wp-json\/wp\/v2\/pages"}],"about":[{"href":"https:\/\/entornohunterdouglas.com\/index.php\/wp-json\/wp\/v2\/types\/page"}],"author":[{"embeddable":true,"href":"https:\/\/entornohunterdouglas.com\/index.php\/wp-json\/wp\/v2\/users\/1"}],"replies":[{"embeddable":true,"href":"https:\/\/entornohunterdouglas.com\/index.php\/wp-json\/wp\/v2\/comments?post=89"}],"version-history":[{"count":1,"href":"https:\/\/entornohunterdouglas.com\/index.php\/wp-json\/wp\/v2\/pages\/89\/revisions"}],"predecessor-version":[{"id":91,"href":"https:\/\/entornohunterdouglas.com\/index.php\/wp-json\/wp\/v2\/pages\/89\/revisions\/91"}],"wp:featuredmedia":[{"embeddable":true,"href":"https:\/\/entornohunterdouglas.com\/index.php\/wp-json\/wp\/v2\/media\/90"}],"wp:attachment":[{"href":"https:\/\/entornohunterdouglas.com\/index.php\/wp-json\/wp\/v2\/media?parent=89"}],"curies":[{"name":"wp","href":"https:\/\/api.w.org\/{rel}","templated":true}]}}