{"id":86,"date":"2019-03-07T17:03:25","date_gmt":"2019-03-07T17:03:25","guid":{"rendered":"https:\/\/entornohunterdouglas.com\/?page_id=86"},"modified":"2019-03-07T17:03:25","modified_gmt":"2019-03-07T17:03:25","slug":"luminette","status":"publish","type":"page","link":"https:\/\/entornohunterdouglas.com\/index.php\/luminette\/","title":{"rendered":"Luminette"},"content":{"rendered":"<section id=\"detalle\" class=\"section center\">\n<div class=\"wow fadeIn animated\">\n<div class=\"texto textcenter\">\n<p>La Cortina Luminette\u00ae es un sofisticado producto que otorga elegancia a los ambientes. Se caracteriza por sus suaves curvas uniformes en forma de \u201cS\u201d a lo largo de toda la cortina, compuestas por l\u00e1minas verticales de tela insertas entre dos velos trasl\u00facidos y finas terminaciones. Gracias a la perfecta ondulaci\u00f3n de la tela, su ca\u00edda es siempre uniforme sin importar si se encuentra abierta o cerrada. Sus mecanismos de avanzada tecnolog\u00eda permiten cubrir grandes dimensiones de hasta 4870 mm de ancho y 3040 mm de alto. Adem\u00e1s, entrega una operaci\u00f3n innovadora y sencilla, por medio de una varilla de giro y cord\u00f3n combinados que permiten controlar el ingreso de luz y la privacidad del ambiente. Ofrece una amplia gama de colecciones y tonos con opciones de mayor o menor oscurecimiento.<\/p>\n<\/div>\n<\/div>\n<\/section>\n<div id=\"boxes\">\n<div class=\"box wow fadeInRight animated\">\n<div class=\"texto\">\n<div class=\"middle\">\n<h3>Grandes dimensiones<\/h3>\n<p>Sus componentes de alta calidad la hacen ideal para grandes ventanales de hasta 4,8 mt, accion\u00e1ndose comodqmente de forma sencilla y permitiendo elegir entre una apertura central y lateral, Adem\u00e1s, sus resistentes terminaciones previenen el deshilachado en la parte inferior.<\/p>\n<\/div>\n<\/div>\n<div class=\"img\"><a class=\"video scale-effect \" title=\"Grandes dimensiones\"><img loading=\"lazy\" decoding=\"async\" class=\"fullwidth\" title=\"Grandes dimensiones\" src=\"http:\/\/www.hunterdouglas.com.ec\/cortinas\/img\/ec\/productos_display\/843x338-1\/Cortinas%20Luminette_14.jpg\" alt=\"Grandes dimensiones\" width=\"843\" height=\"338\"><\/a><\/div>\n<\/div>\n<div class=\"box wow textleft fadeInLeft animated\">\n<div class=\"texto\">\n<div class=\"middle\">\n<h3>Mecanismos<\/h3>\n<p>Mecanismos de avanzada tecnolog\u00eda que permiten una manipulaci\u00f3n de gran facilidad, su innovadoravarilla de giro y cord\u00f3n combinados otorga total control para todas las funciones de la cortina. Una doble tela en la parte superior otorga la apariencia de cenefa que oculta los mecanismos y entrega una fina terminaci\u00f3n.<\/p>\n<\/div>\n<\/div>\n<div class=\"img\"><a class=\"video scale-effect \" title=\"Mecanismos\"><img loading=\"lazy\" decoding=\"async\" class=\"fullwidth\" title=\"Mecanismos\" src=\"http:\/\/www.hunterdouglas.com.ec\/cortinas\/img\/ec\/productos_display\/843x338-1\/Cortinas%20Luminette_22.jpg\" alt=\"Mecanismos\" width=\"843\" height=\"338\"><\/a><\/div>\n<\/div>\n<div class=\"box wow fadeInRight animated\">\n<div class=\"texto\">\n<div class=\"middle\">\n<h3>Dise\u00f1o Elegante y altamente decorativo<\/h3>\n<p>Su dise\u00f1o compuesto por l\u00e1minas de tela vertical, disponibles en dos anchos de 9 cm y 12 cm aproximadamente, entre dos velos trasl\u00facidos<\/p>\n<p>Ofrece 28 colecciones y variados tonos en telas de gran belleza textil con elegantes y delicadas tramas que las convierte a las cortinas Luminette en una obra de arte altamente decorativa.<\/p>\n<\/div>\n<\/div>\n<div class=\"img\"><a class=\"video scale-effect \" title=\"Dise\u00f1o Elegante y altamente decorativo\"><img loading=\"lazy\" decoding=\"async\" class=\"fullwidth\" title=\"Dise\u00f1o Elegante y altamente decorativo\" src=\"http:\/\/www.hunterdouglas.com.ec\/cortinas\/img\/ec\/productos_display\/843x338-1\/SLIDE%2023%20-Cortinas%20Luminette11.jpg\" alt=\"Dise\u00f1o Elegante y altamente decorativo\" width=\"843\" height=\"338\"><\/a><\/div>\n<\/div>\n<div class=\"box wow textleft fadeInLeft animated\">\n<div class=\"texto\">\n<div class=\"middle\">\n<h3>Caracter\u00edstica Principal<\/h3>\n<p>Es un sofisticado producto compuesto por l\u00e1minas de tela vertical entre dos velos trasl\u00facidos, que simulan persianas verticales, y que al girar permiten el control de luz y de privacidad. Sus componentes de alta calidad aseguran una sencilla operaci\u00f3n y ofrecen apertura central o lateral, logrando adem\u00e1s cubrir grandes dimensiones.<\/p>\n<\/div>\n<\/div>\n<\/div>\n<\/div>\n","protected":false},"excerpt":{"rendered":"<p>La Cortina Luminette\u00ae es un sofisticado producto que otorga elegancia a los ambientes. Se caracteriza por sus suaves curvas uniformes en forma de \u201cS\u201d a lo largo de toda la cortina, compuestas<a class=\"moretag\" href=\"https:\/\/entornohunterdouglas.com\/index.php\/luminette\/\">Leer m\u00e1s&#8230;<\/a><\/p>\n","protected":false},"author":1,"featured_media":87,"parent":0,"menu_order":0,"comment_status":"closed","ping_status":"closed","template":"","meta":{"_joinchat":[],"footnotes":""},"class_list":["post-86","page","type-page","status-publish","has-post-thumbnail","hentry"],"_links":{"self":[{"href":"https:\/\/entornohunterdouglas.com\/index.php\/wp-json\/wp\/v2\/pages\/86","targetHints":{"allow":["GET"]}}],"collection":[{"href":"https:\/\/entornohunterdouglas.com\/index.php\/wp-json\/wp\/v2\/pages"}],"about":[{"href":"https:\/\/entornohunterdouglas.com\/index.php\/wp-json\/wp\/v2\/types\/page"}],"author":[{"embeddable":true,"href":"https:\/\/entornohunterdouglas.com\/index.php\/wp-json\/wp\/v2\/users\/1"}],"replies":[{"embeddable":true,"href":"https:\/\/entornohunterdouglas.com\/index.php\/wp-json\/wp\/v2\/comments?post=86"}],"version-history":[{"count":1,"href":"https:\/\/entornohunterdouglas.com\/index.php\/wp-json\/wp\/v2\/pages\/86\/revisions"}],"predecessor-version":[{"id":88,"href":"https:\/\/entornohunterdouglas.com\/index.php\/wp-json\/wp\/v2\/pages\/86\/revisions\/88"}],"wp:featuredmedia":[{"embeddable":true,"href":"https:\/\/entornohunterdouglas.com\/index.php\/wp-json\/wp\/v2\/media\/87"}],"wp:attachment":[{"href":"https:\/\/entornohunterdouglas.com\/index.php\/wp-json\/wp\/v2\/media?parent=86"}],"curies":[{"name":"wp","href":"https:\/\/api.w.org\/{rel}","templated":true}]}}