{"id":83,"date":"2019-03-07T17:02:25","date_gmt":"2019-03-07T17:02:25","guid":{"rendered":"https:\/\/entornohunterdouglas.com\/?page_id=83"},"modified":"2019-03-07T17:02:25","modified_gmt":"2019-03-07T17:02:25","slug":"silhouette","status":"publish","type":"page","link":"https:\/\/entornohunterdouglas.com\/index.php\/silhouette\/","title":{"rendered":"Silhouette"},"content":{"rendered":"<section id=\"detalle\" class=\"section center\">\n<div class=\"wow fadeIn animated\">\n<div class=\"texto textcenter\">\n<p>Las Cortinas Silhouette\u00ae es un producto de alta calidad y dise\u00f1o de vanguardia. Sus suaves l\u00e1minas de tela suspendidas entre dos velos trasl\u00facidos aportan elegancia y sofisticaci\u00f3n a los espacios, combinando con cualquier estilo de decoraci\u00f3n y entregando a la vez transparencia y control de privacidad. Son fabricadas usando telas 100% poli\u00e9ster con un tratamiento antiest\u00e1tico de \u00faltima tecnolog\u00eda y ofrecen m\u00e1xima protecci\u00f3n UV para muebles y tapices. Puede convertirse en una cortina motorizadas si se integra a un motor como mecanismo, el cual al mejorar su manipulaci\u00f3n aumenta la vida \u00fatil de la cortina.<\/p>\n<\/div>\n<\/div>\n<\/section>\n<div id=\"boxes\">\n<div class=\"box wow fadeInRight animated\">\n<div class=\"texto\">\n<div class=\"middle\">\n<h3>Caracter\u00edstica Principal<\/h3>\n<p>Sus suaves laminas de tela semitrasl\u00facida y semi opaca, se encuentran suspendidas entre dos velos transparentes, que permiten graduar la entrada de luz simulando la funcionalidad de una persiana tradicional. De esta manera, cuando las l\u00e1minas est\u00e1n abiertas mantiene los ambientes con una suave luz natural que est\u00e1 levemente filtrada; al cerrar las l\u00e1minas, otorga privacidad al mismo tiempo que aporta la elegancia y estilo caracter\u00edstico de las Cortinas Silhouette.<\/p>\n<\/div>\n<\/div>\n<div class=\"img\"><a class=\"video scale-effect \" title=\"Caracter\u00edstica Principal\"><img loading=\"lazy\" decoding=\"async\" class=\"fullwidth\" title=\"Caracter\u00edstica Principal\" src=\"http:\/\/www.hunterdouglas.com.ec\/cortinas\/img\/ec\/productos_display\/843x338-1\/silhouette13.jpg\" alt=\"Caracter\u00edstica Principal\" width=\"843\" height=\"338\"><\/a><\/div>\n<\/div>\n<div class=\"box wow textleft fadeInLeft animated\">\n<div class=\"texto\">\n<div class=\"middle\">\n<h3>Suavidad y transparencia<\/h3>\n<p>Una cortina con la funcionalidad de una persiana, sus l\u00e1minas de tela flotan entre dos velos trasl\u00facidos, que permiten transformar la luz del sol para crear ambientes luminosos. LA gran versatilidad de Cortinas Silhouette, hacen de este producto una interesante y elegante propuesta para decorar cualquier habitaci\u00f3n.<\/p>\n<\/div>\n<\/div>\n<div class=\"img\"><a class=\"video scale-effect \" title=\"Suavidad y transparencia\"><img loading=\"lazy\" decoding=\"async\" class=\"fullwidth\" title=\"Suavidad y transparencia\" src=\"http:\/\/www.hunterdouglas.com.ec\/cortinas\/img\/ec\/productos_display\/843x338-1\/SIL_0212-warm-grey.jpg\" alt=\"Suavidad y transparencia\" width=\"843\" height=\"338\"><\/a><\/div>\n<\/div>\n<div class=\"box wow fadeInRight animated\">\n<div class=\"texto\">\n<div class=\"middle\">\n<h3>Protecci\u00f3n UV<\/h3>\n<p>Entre los beneficios que aporta Cortina Silhouette se destaca la protecci\u00f3n ultravioleta, ya que filtran un 99% de los rayos UV al estar cerradas y un 87% estando abiertas. protegiendo sus muebles y tapices del deterioro y desgaste habitual, producido por la sobreexposici\u00f3n a la luz natural.<\/p>\n<\/div>\n<\/div>\n<div class=\"img\"><a class=\"video scale-effect \" title=\"Protecci\u00f3n UV\"><img loading=\"lazy\" decoding=\"async\" class=\"fullwidth\" title=\"Protecci\u00f3n UV\" src=\"http:\/\/www.hunterdouglas.com.ec\/cortinas\/img\/ec\/productos_display\/843x338-1\/SIL_0161.jpg\" alt=\"Protecci\u00f3n UV\" width=\"843\" height=\"338\"><\/a><\/div>\n<\/div>\n<div class=\"box wow textleft fadeInLeft animated\">\n<div class=\"texto\">\n<div class=\"middle\">\n<h3>Complementalas con Luminette!<\/h3>\n<p>Silhouette ofrece una colecci\u00f3n de telas complementarias con Luminette, permitiendo utilizar ambos tipos de cortinas en un mismo ambiente, manteniendo el dise\u00f1o y color de las telas.<\/p>\n<\/div>\n<\/div>\n<div class=\"img\"><a class=\"video scale-effect \" title=\"Complementalas con Luminette!\"><img loading=\"lazy\" decoding=\"async\" class=\"fullwidth\" title=\"Complementalas con Luminette!\" src=\"http:\/\/www.hunterdouglas.com.ec\/cortinas\/img\/ec\/productos_display\/843x338-1\/alcounterpartsref_ultraglide_livingroom.jpg\" alt=\"Complementalas con Luminette!\" width=\"843\" height=\"338\"><\/a><\/div>\n<\/div>\n<div class=\"box wow fadeInRight animated\">\n<div class=\"texto\">\n<div class=\"middle\">\n<h3>Motorizaci\u00f3n PowerRise<\/h3>\n<p>La motorizaci\u00f3n PowerRise es una innovaci\u00f3n sumamente silenciosa que permite accionar cortinas Silhouette individuales o en grupo con total comodidad, a trav\u00e9s de control remoto, interruptor inal\u00e1mbrico o ambos combinados.<\/p>\n<p>En soluciones avanzadas, permite controlar las cortinas motorizadas a trav\u00e9s de dispositivos Android o iOS, personalizar los espacios para crear ambientes perfectos en cualquier habitaci\u00f3n y en cualquier momento del d\u00eda.<\/p>\n<\/div>\n<\/div>\n<div class=\"img\"><a class=\"video scale-effect \" title=\"Motorizaci\u00f3n PowerRise\"><img loading=\"lazy\" decoding=\"async\" class=\"fullwidth\" title=\"Motorizaci\u00f3n PowerRise\" src=\"http:\/\/www.hunterdouglas.com.ec\/cortinas\/img\/ec\/productos_display\/843x338-1\/foto%20powerrise-01.jpg\" alt=\"Motorizaci\u00f3n PowerRise\" width=\"843\" height=\"338\"><\/a><\/div>\n<\/div>\n<div class=\"box wow textleft fadeInLeft animated\">\n<div class=\"texto\">\n<div class=\"middle\">\n<h3>Telas 100% poli\u00e9ster<\/h3>\n<p>Las telas de Cortinas Silhouette son 100% poliester y poseen un especial tratamiento antiest\u00e1tico. Ofrecen una gran variedad de texturas y tonos, entregando tonalidades saturadas que colorear\u00e1n los espacios interiores transform\u00e1ndolos en c\u00e1lidos ambientes y una tela transl\u00facida blanca hacia el exterior, adem\u00e1s de colecciones en tonalidades tradicionales para estilos cl\u00e1sicos, relajados, minimalistas y tambi\u00e9n modernos, siendo el complemento perfecto para todos los estilos de decoraci\u00f3n.<\/p>\n<\/div>\n<\/div>\n<\/div>\n<\/div>\n","protected":false},"excerpt":{"rendered":"<p>Las Cortinas Silhouette\u00ae es un producto de alta calidad y dise\u00f1o de vanguardia. Sus suaves l\u00e1minas de tela suspendidas entre dos velos trasl\u00facidos aportan elegancia y sofisticaci\u00f3n a los espacios, combinando con<a class=\"moretag\" href=\"https:\/\/entornohunterdouglas.com\/index.php\/silhouette\/\">Leer m\u00e1s&#8230;<\/a><\/p>\n","protected":false},"author":1,"featured_media":84,"parent":0,"menu_order":0,"comment_status":"closed","ping_status":"closed","template":"","meta":{"_joinchat":[],"footnotes":""},"class_list":["post-83","page","type-page","status-publish","has-post-thumbnail","hentry"],"_links":{"self":[{"href":"https:\/\/entornohunterdouglas.com\/index.php\/wp-json\/wp\/v2\/pages\/83","targetHints":{"allow":["GET"]}}],"collection":[{"href":"https:\/\/entornohunterdouglas.com\/index.php\/wp-json\/wp\/v2\/pages"}],"about":[{"href":"https:\/\/entornohunterdouglas.com\/index.php\/wp-json\/wp\/v2\/types\/page"}],"author":[{"embeddable":true,"href":"https:\/\/entornohunterdouglas.com\/index.php\/wp-json\/wp\/v2\/users\/1"}],"replies":[{"embeddable":true,"href":"https:\/\/entornohunterdouglas.com\/index.php\/wp-json\/wp\/v2\/comments?post=83"}],"version-history":[{"count":1,"href":"https:\/\/entornohunterdouglas.com\/index.php\/wp-json\/wp\/v2\/pages\/83\/revisions"}],"predecessor-version":[{"id":85,"href":"https:\/\/entornohunterdouglas.com\/index.php\/wp-json\/wp\/v2\/pages\/83\/revisions\/85"}],"wp:featuredmedia":[{"embeddable":true,"href":"https:\/\/entornohunterdouglas.com\/index.php\/wp-json\/wp\/v2\/media\/84"}],"wp:attachment":[{"href":"https:\/\/entornohunterdouglas.com\/index.php\/wp-json\/wp\/v2\/media?parent=83"}],"curies":[{"name":"wp","href":"https:\/\/api.w.org\/{rel}","templated":true}]}}