{"id":79,"date":"2019-03-07T17:01:27","date_gmt":"2019-03-07T17:01:27","guid":{"rendered":"https:\/\/entornohunterdouglas.com\/?page_id=79"},"modified":"2019-03-07T17:01:27","modified_gmt":"2019-03-07T17:01:27","slug":"romanas","status":"publish","type":"page","link":"https:\/\/entornohunterdouglas.com\/index.php\/romanas\/","title":{"rendered":"Romanas"},"content":{"rendered":"<section id=\"detalle\" class=\"section center\">\n<div class=\"wow fadeIn animated\">\n<div class=\"texto textcenter\">\n<p>Las Cortinas Romanas HunterDouglas\u00ae ofrecen importantes ventajas de calidad sobre las cortinas store tradicionales, con finas terminaciones que no presentan costuras a la vista y una amplia variedad de telas. Sus diversas colecciones ofrecen diferentes niveles de opacidad y texturas, que adem\u00e1s permiten innovar en los espacios combinando con otras familias de producto como Cortinas Roller y Panel Glide. Conocidas por la simplicidad de su dise\u00f1o y su f\u00e1cil manipulaci\u00f3n, son especiales para espacios con ventanas peque\u00f1as, ofreciendo un manejo confortable.<\/p>\n<\/div>\n<\/div>\n<\/section>\n<div id=\"boxes\">\n<div class=\"box wow fadeInRight animated\">\n<div class=\"texto\">\n<div class=\"middle\">\n<h3>Caracter\u00edstica Principal<\/h3>\n<p>Mantienen el look de las cortinas estores tradicionales, sumando importantes ventajas, finas terminaciones y una sencilla y confortable manipulaci\u00f3n. Se distingue por ser la \u00fanica romana que no tiene costuras, ya que se fabrica con m\u00f3dulos perfectamente estructurados con perfiles de aluminio que se mantienen estables en el tiempo.<\/p>\n<\/div>\n<\/div>\n<div class=\"img\"><a class=\"video scale-effect \" title=\"Caracter\u00edstica Principal\"><img loading=\"lazy\" decoding=\"async\" class=\"fullwidth\" title=\"Caracter\u00edstica Principal\" src=\"http:\/\/www.hunterdouglas.com.ec\/cortinas\/img\/ec\/productos_display\/843x338-1\/romana2.jpg\" alt=\"Caracter\u00edstica Principal\" width=\"843\" height=\"338\"><\/a><\/div>\n<\/div>\n<div class=\"box wow textleft fadeInLeft animated\">\n<div class=\"texto\">\n<div class=\"middle\">\n<h3>Simplicidad<\/h3>\n<ul>\n<li>La simplicidad en dise\u00f1o y manipulaci\u00f3n de estas cortinas r\u00fasticas, se suman a finas terminaciones que aportan a la est\u00e9tica de los espacios.<\/li>\n<li>Sus sofisticados sistemas de operaci\u00f3n entregan un manejo confortable, confiable y seguro.<\/li>\n<\/ul>\n<\/div>\n<\/div>\n<div class=\"img\"><a class=\"video scale-effect \" title=\"Simplicidad\"><img loading=\"lazy\" decoding=\"async\" class=\"fullwidth\" title=\"Simplicidad\" src=\"http:\/\/www.hunterdouglas.com.ec\/cortinas\/img\/ec\/productos_display\/843x338-1\/romana4.jpg\" alt=\"Simplicidad\" width=\"843\" height=\"338\"><\/a><\/div>\n<\/div>\n<div class=\"box wow fadeInRight animated\">\n<div class=\"texto\">\n<div class=\"middle\">\n<h3>Exclusividad<\/h3>\n<ul>\n<li>Tambi\u00e9n conocidas como persianas romanas, estas exclusivas cortinas, se diferencian en el mercado por ser las \u00fanicas sin costuras y una apariencia de mayor plenitud, presentando una serie de ventajas en cuanto a calidad por sobre las cortinas store tradicionales.<\/li>\n<li>Ofrece un freno y control por delante de la tela que evita el roce del cord\u00f3n, para prevenir el desgaste.<\/li>\n<li>Es la \u00fanica cortina Romana que ofrece entre sus accionamiento una opci\u00f3n motorizada.<\/li>\n<\/ul>\n<\/div>\n<\/div>\n<div class=\"img\"><a class=\"video scale-effect \" title=\"Exclusividad\"><img loading=\"lazy\" decoding=\"async\" class=\"fullwidth\" title=\"Exclusividad\" src=\"http:\/\/www.hunterdouglas.com.ec\/cortinas\/img\/ec\/productos_display\/843x338-1\/Romanas%20%20(1).jpg\" alt=\"Exclusividad\" width=\"843\" height=\"338\"><\/a><\/div>\n<\/div>\n<div class=\"box wow textleft fadeInLeft animated\">\n<div class=\"texto\">\n<div class=\"middle\">\n<h3>Variedad<\/h3>\n<p>Innovadoras colecciones que entregan multiples opciones de colores, niveles de opacidad y texturas acordes a las \u00faltimas tendencias, que permiten adem\u00e1s coordinar en un mismo ambiente con cortinas Roller Quantum y Panel Skyline.<\/p>\n<\/div>\n<\/div>\n<\/div>\n<\/div>\n","protected":false},"excerpt":{"rendered":"<p>Las Cortinas Romanas HunterDouglas\u00ae ofrecen importantes ventajas de calidad sobre las cortinas store tradicionales, con finas terminaciones que no presentan costuras a la vista y una amplia variedad de telas. Sus diversas<a class=\"moretag\" href=\"https:\/\/entornohunterdouglas.com\/index.php\/romanas\/\">Leer m\u00e1s&#8230;<\/a><\/p>\n","protected":false},"author":1,"featured_media":80,"parent":0,"menu_order":0,"comment_status":"closed","ping_status":"closed","template":"","meta":{"_joinchat":[],"footnotes":""},"class_list":["post-79","page","type-page","status-publish","has-post-thumbnail","hentry"],"_links":{"self":[{"href":"https:\/\/entornohunterdouglas.com\/index.php\/wp-json\/wp\/v2\/pages\/79","targetHints":{"allow":["GET"]}}],"collection":[{"href":"https:\/\/entornohunterdouglas.com\/index.php\/wp-json\/wp\/v2\/pages"}],"about":[{"href":"https:\/\/entornohunterdouglas.com\/index.php\/wp-json\/wp\/v2\/types\/page"}],"author":[{"embeddable":true,"href":"https:\/\/entornohunterdouglas.com\/index.php\/wp-json\/wp\/v2\/users\/1"}],"replies":[{"embeddable":true,"href":"https:\/\/entornohunterdouglas.com\/index.php\/wp-json\/wp\/v2\/comments?post=79"}],"version-history":[{"count":1,"href":"https:\/\/entornohunterdouglas.com\/index.php\/wp-json\/wp\/v2\/pages\/79\/revisions"}],"predecessor-version":[{"id":81,"href":"https:\/\/entornohunterdouglas.com\/index.php\/wp-json\/wp\/v2\/pages\/79\/revisions\/81"}],"wp:featuredmedia":[{"embeddable":true,"href":"https:\/\/entornohunterdouglas.com\/index.php\/wp-json\/wp\/v2\/media\/80"}],"wp:attachment":[{"href":"https:\/\/entornohunterdouglas.com\/index.php\/wp-json\/wp\/v2\/media?parent=79"}],"curies":[{"name":"wp","href":"https:\/\/api.w.org\/{rel}","templated":true}]}}