{"id":73,"date":"2019-03-07T16:59:45","date_gmt":"2019-03-07T16:59:45","guid":{"rendered":"https:\/\/entornohunterdouglas.com\/?page_id=73"},"modified":"2019-03-07T16:59:45","modified_gmt":"2019-03-07T16:59:45","slug":"twinline","status":"publish","type":"page","link":"https:\/\/entornohunterdouglas.com\/index.php\/twinline\/","title":{"rendered":"Twinline"},"content":{"rendered":"<p>Cortina Twinline\u2122, adem\u00e1s de cubrir tus ventanas, permite disfrutar del paisaje exterior, manteniendo la intimidad de los espacios, y entregando un excelente control del ingreso de luz, dependiendo de las necesidades del ambiente y de sus ocupantes. Con un vanguardista dise\u00f1o, est\u00e1 compuesta por una doble tela con delicadas franjas horizontales, opacas y trasl\u00facidas, que se sobreponen entre s\u00ed, graduando la luminosidad. Ofrece una amplia variedad de colecciones con telas inspiradas en famosas avenidas de todas partes del mundo, con colores vistosos, din\u00e1micos y delicadas texturas. El especial dise\u00f1o de su base, reduce el espacio entre telas, minimizando el ingreso de luz.<\/p>\n<div id=\"boxes\">\n<div class=\"box wow fadeInRight animated\">\n<div class=\"texto\">\n<div class=\"middle\">\n<h3>Caracter\u00edstica Principal<\/h3>\n<p>Gracias a su vanguardista dise\u00f1o de doble tela, esta cortina enrollable permitemantener la intimidad y a la vez disfrutando del paisaje exterior, logrando adem\u00e1s un excelente control del ingreso de luz, dependiendo de las necesidades del ambiente y de sus ocupantes.<\/p>\n<p>Su accionamiento por medio de una cadena continua permite manipular la cortina de forma firme y segura, brindando una mayor estabilidad, lo cual sumado a sus robustos mecanismos y poderosos componentes con calidad Quantum -garant\u00eda de duraci\u00f3n y fidelidad- otorgan una operaci\u00f3n confortable y una agradable sensaci\u00f3n de manipulaci\u00f3n de la cortina a toda prueba.<\/p>\n<\/div>\n<\/div>\n<div class=\"img\"><a class=\"video scale-effect \" title=\"Caracter\u00edstica Principal\"><img loading=\"lazy\" decoding=\"async\" class=\"fullwidth\" title=\"Caracter\u00edstica Principal\" src=\"http:\/\/www.hunterdouglas.com.ec\/cortinas\/img\/ec\/productos_display\/843x338-1\/SLIDE-10---TW_0019---flat.jpg\" alt=\"Caracter\u00edstica Principal\" width=\"843\" height=\"338\"><\/a><\/div>\n<\/div>\n<div class=\"box wow textleft fadeInLeft animated\">\n<div class=\"texto\">\n<div class=\"middle\">\n<h3>Excelente control del ingreso de luz<\/h3>\n<p>est\u00e1 compuesta por una doble tela con delicadas franjas horizontales, opacas y transl\u00facidas, que se sobreponen entre s\u00ed, permitiendo un sofisticado control de apertura que logra ambientes perfectos, en luz y privacidad, para diferentes actividades y momentos del d\u00eda.<\/p>\n<\/div>\n<\/div>\n<div class=\"img\"><a class=\"video scale-effect \" title=\"Excelente control del ingreso de luz\"><img loading=\"lazy\" decoding=\"async\" class=\"fullwidth\" title=\"Excelente control del ingreso de luz\" src=\"http:\/\/www.hunterdouglas.com.ec\/cortinas\/img\/ec\/productos_display\/843x338-1\/luxaflex_23.jpg\" alt=\"Excelente control del ingreso de luz\" width=\"843\" height=\"338\"><\/a><\/div>\n<\/div>\n<div class=\"box wow fadeInRight animated\">\n<div class=\"texto\">\n<div class=\"middle\">\n<h3>Exclusiva Base y Cenefa<\/h3>\n<p>Dise\u00f1o \u00fanico en la base que otorga una m\u00ednima distancia entre las telas, facilitando el funcionamiento de la cortina y minimizando el ingreso de luz, y cenefa con opci\u00f3n curva o plana que se adaptan a la arquitectura de los ambientes, que adem\u00e1s se encuentran coordinadas en 4 colores acordes a la tela seleccionado, lo que mantiene el protagonismo decorativo de esta cortina hasta en el \u00faltimo detalle.<\/p>\n<\/div>\n<\/div>\n<div class=\"img\"><a class=\"video scale-effect \" title=\"Exclusiva Base y Cenefa\"><img loading=\"lazy\" decoding=\"async\" class=\"fullwidth\" title=\"Exclusiva Base y Cenefa\" src=\"http:\/\/www.hunterdouglas.com.ec\/cortinas\/img\/ec\/productos_display\/843x338-1\/luxaflex%209.jpg\" alt=\"Exclusiva Base y Cenefa\" width=\"843\" height=\"338\"><\/a><\/div>\n<\/div>\n<div class=\"box wow textleft fadeInLeft animated\">\n<div class=\"texto\">\n<div class=\"middle\">\n<h3>Amplia gama de telas y texturas<\/h3>\n<p>Sofisticadas, elegantes y altamente decorativas, ofrecen una amplia variedad de colecciones en telas &nbsp;inspiradas en famosas avenidas de todas partes del mundo, con colores vistosos, din\u00e1micos y delicadas texturas, acordes a la multiculturalidad de las nuevas tendencias en decoraci\u00f3n.<\/p>\n<\/div>\n<\/div>\n<\/div>\n<\/div>\n","protected":false},"excerpt":{"rendered":"<p>Cortina Twinline\u2122, adem\u00e1s de cubrir tus ventanas, permite disfrutar del paisaje exterior, manteniendo la intimidad de los espacios, y entregando un excelente control del ingreso de luz, dependiendo de las necesidades del<a class=\"moretag\" href=\"https:\/\/entornohunterdouglas.com\/index.php\/twinline\/\">Leer m\u00e1s&#8230;<\/a><\/p>\n","protected":false},"author":1,"featured_media":74,"parent":0,"menu_order":0,"comment_status":"closed","ping_status":"closed","template":"","meta":{"_joinchat":[],"footnotes":""},"class_list":["post-73","page","type-page","status-publish","has-post-thumbnail","hentry"],"_links":{"self":[{"href":"https:\/\/entornohunterdouglas.com\/index.php\/wp-json\/wp\/v2\/pages\/73","targetHints":{"allow":["GET"]}}],"collection":[{"href":"https:\/\/entornohunterdouglas.com\/index.php\/wp-json\/wp\/v2\/pages"}],"about":[{"href":"https:\/\/entornohunterdouglas.com\/index.php\/wp-json\/wp\/v2\/types\/page"}],"author":[{"embeddable":true,"href":"https:\/\/entornohunterdouglas.com\/index.php\/wp-json\/wp\/v2\/users\/1"}],"replies":[{"embeddable":true,"href":"https:\/\/entornohunterdouglas.com\/index.php\/wp-json\/wp\/v2\/comments?post=73"}],"version-history":[{"count":1,"href":"https:\/\/entornohunterdouglas.com\/index.php\/wp-json\/wp\/v2\/pages\/73\/revisions"}],"predecessor-version":[{"id":75,"href":"https:\/\/entornohunterdouglas.com\/index.php\/wp-json\/wp\/v2\/pages\/73\/revisions\/75"}],"wp:featuredmedia":[{"embeddable":true,"href":"https:\/\/entornohunterdouglas.com\/index.php\/wp-json\/wp\/v2\/media\/74"}],"wp:attachment":[{"href":"https:\/\/entornohunterdouglas.com\/index.php\/wp-json\/wp\/v2\/media?parent=73"}],"curies":[{"name":"wp","href":"https:\/\/api.w.org\/{rel}","templated":true}]}}