{"id":69,"date":"2019-03-07T16:57:30","date_gmt":"2019-03-07T16:57:30","guid":{"rendered":"https:\/\/entornohunterdouglas.com\/?page_id=69"},"modified":"2019-03-07T16:57:30","modified_gmt":"2019-03-07T16:57:30","slug":"panel-glide","status":"publish","type":"page","link":"https:\/\/entornohunterdouglas.com\/index.php\/panel-glide\/","title":{"rendered":"Panel Glide"},"content":{"rendered":"<section id=\"detalle\" class=\"section center\">\n<div class=\"wow fadeIn animated\">\n<div class=\"texto textcenter\">\n<p>Con l\u00edneas limpias y un estilo contempor\u00e1neo y elegante, Panel Glide ofrece una soluci\u00f3n para ventanas de dimensiones amplias o peque\u00f1as, que puede ser utilizado adem\u00e1s como un elegante divisor de espacios. Est\u00e1 compuesto por pa\u00f1os de tela sostenidos por dos carros que se desplazan a lo largo de un riel con dos canales, uno anterior y otro posterior, lo cual impide que los pa\u00f1os se enreden. Panel Japones cuenta con un revolucionario hardware que combinado con nuestra vanguardista colecci\u00f3n de telas, ofrece una gran variedad de opciones para satisfacer cualquier estilo de decoraci\u00f3n<\/p>\n<\/div>\n<\/div>\n<\/section>\n<div id=\"boxes\">\n<div class=\"box wow fadeInRight animated\">\n<div class=\"texto\">\n<div class=\"middle\">\n<h3>Caracter\u00edstica Principal<\/h3>\n<p>Panel Glide es la mejor soluci\u00f3n para grandes ventanales y puertas, adem\u00e1s puede ser utilizado como un elegante divisor de espacios.<\/p>\n<\/div>\n<\/div>\n<div class=\"img\"><a class=\"video scale-effect \" title=\"Caracter\u00edstica Principal\"><img loading=\"lazy\" decoding=\"async\" class=\"fullwidth\" title=\"Caracter\u00edstica Principal\" src=\"http:\/\/www.hunterdouglas.com.ec\/cortinas\/img\/ec\/productos_display\/843x338-1\/db7d9-Divisoria---sem-estampa---tratada_1.jpg\" alt=\"Caracter\u00edstica Principal\" width=\"843\" height=\"338\"><\/a><\/div>\n<\/div>\n<div class=\"box wow textleft fadeInLeft animated\">\n<div class=\"texto\">\n<div class=\"middle\">\n<h3>Terminaciones altamente est\u00e9ticas y vanguardistas colecciones:<\/h3>\n<p>Ofrece una amplia gama de colores y texturas<\/p>\n<\/div>\n<\/div>\n<div class=\"img\"><a class=\"video scale-effect \" title=\"Terminaciones altamente est\u00e9ticas y vanguardistas colecciones:\"><img loading=\"lazy\" decoding=\"async\" class=\"fullwidth\" title=\"Terminaciones altamente est\u00e9ticas y vanguardistas colecciones:\" src=\"http:\/\/www.hunterdouglas.com.ec\/cortinas\/img\/ec\/productos_display\/843x338-1\/_MG_2513.JPG\" alt=\"Terminaciones altamente est\u00e9ticas y vanguardistas colecciones:\" width=\"843\" height=\"338\"><\/a><\/div>\n<\/div>\n<div class=\"box wow fadeInRight animated\">\n<div class=\"texto\">\n<div class=\"middle\">\n<h3>Grandes Tama\u00f1os<\/h3>\n<p>Ideal para ventanales de grandes dimensiones.<\/p>\n<\/div>\n<\/div>\n<\/div>\n<\/div>\n","protected":false},"excerpt":{"rendered":"<p>Con l\u00edneas limpias y un estilo contempor\u00e1neo y elegante, Panel Glide ofrece una soluci\u00f3n para ventanas de dimensiones amplias o peque\u00f1as, que puede ser utilizado adem\u00e1s como un elegante divisor de espacios.<a class=\"moretag\" href=\"https:\/\/entornohunterdouglas.com\/index.php\/panel-glide\/\">Leer m\u00e1s&#8230;<\/a><\/p>\n","protected":false},"author":1,"featured_media":70,"parent":0,"menu_order":0,"comment_status":"closed","ping_status":"closed","template":"","meta":{"_joinchat":[],"footnotes":""},"class_list":["post-69","page","type-page","status-publish","has-post-thumbnail","hentry"],"_links":{"self":[{"href":"https:\/\/entornohunterdouglas.com\/index.php\/wp-json\/wp\/v2\/pages\/69","targetHints":{"allow":["GET"]}}],"collection":[{"href":"https:\/\/entornohunterdouglas.com\/index.php\/wp-json\/wp\/v2\/pages"}],"about":[{"href":"https:\/\/entornohunterdouglas.com\/index.php\/wp-json\/wp\/v2\/types\/page"}],"author":[{"embeddable":true,"href":"https:\/\/entornohunterdouglas.com\/index.php\/wp-json\/wp\/v2\/users\/1"}],"replies":[{"embeddable":true,"href":"https:\/\/entornohunterdouglas.com\/index.php\/wp-json\/wp\/v2\/comments?post=69"}],"version-history":[{"count":1,"href":"https:\/\/entornohunterdouglas.com\/index.php\/wp-json\/wp\/v2\/pages\/69\/revisions"}],"predecessor-version":[{"id":71,"href":"https:\/\/entornohunterdouglas.com\/index.php\/wp-json\/wp\/v2\/pages\/69\/revisions\/71"}],"wp:featuredmedia":[{"embeddable":true,"href":"https:\/\/entornohunterdouglas.com\/index.php\/wp-json\/wp\/v2\/media\/70"}],"wp:attachment":[{"href":"https:\/\/entornohunterdouglas.com\/index.php\/wp-json\/wp\/v2\/media?parent=69"}],"curies":[{"name":"wp","href":"https:\/\/api.w.org\/{rel}","templated":true}]}}