{"id":50,"date":"2019-03-07T16:28:51","date_gmt":"2019-03-07T16:28:51","guid":{"rendered":"https:\/\/entornohunterdouglas.com\/?page_id=50"},"modified":"2019-03-07T16:28:51","modified_gmt":"2019-03-07T16:28:51","slug":"puertas-de-bano","status":"publish","type":"page","link":"https:\/\/entornohunterdouglas.com\/index.php\/puertas-de-bano\/","title":{"rendered":"Puertas de Ba\u00f1o"},"content":{"rendered":"<p>Las puertas para ba\u00f1os abre un nuevo modelo de mercado para conseguir algo \u00fanico con dise\u00f1os personalizados y modelos que realza la belleza de su ba\u00f1o, totalmente en vidrios especiales con protecci\u00f3n para evitar las manchas de la gotas.<\/p>\n<p>Contamos con diversos sistemas de puertas para ba\u00f1os que se adapta a cualquier dise\u00f1o:<\/p>\n<ul>\n<li>1.30 x 1.90 cm<\/li>\n<li>1.40 x 1.90 cm<\/li>\n<li>1.50 x 1.90 cm<\/li>\n<li>1.70 x 1.90 cm<\/li>\n<\/ul>\n<p>&nbsp;<\/p>\n","protected":false},"excerpt":{"rendered":"<p>Las puertas para ba\u00f1os abre un nuevo modelo de mercado para conseguir algo \u00fanico con dise\u00f1os personalizados y modelos que realza la belleza de su ba\u00f1o, totalmente en vidrios especiales con protecci\u00f3n<a class=\"moretag\" href=\"https:\/\/entornohunterdouglas.com\/index.php\/puertas-de-bano\/\">Leer m\u00e1s&#8230;<\/a><\/p>\n","protected":false},"author":1,"featured_media":51,"parent":0,"menu_order":0,"comment_status":"closed","ping_status":"closed","template":"","meta":{"_joinchat":[],"footnotes":""},"class_list":["post-50","page","type-page","status-publish","has-post-thumbnail","hentry"],"_links":{"self":[{"href":"https:\/\/entornohunterdouglas.com\/index.php\/wp-json\/wp\/v2\/pages\/50","targetHints":{"allow":["GET"]}}],"collection":[{"href":"https:\/\/entornohunterdouglas.com\/index.php\/wp-json\/wp\/v2\/pages"}],"about":[{"href":"https:\/\/entornohunterdouglas.com\/index.php\/wp-json\/wp\/v2\/types\/page"}],"author":[{"embeddable":true,"href":"https:\/\/entornohunterdouglas.com\/index.php\/wp-json\/wp\/v2\/users\/1"}],"replies":[{"embeddable":true,"href":"https:\/\/entornohunterdouglas.com\/index.php\/wp-json\/wp\/v2\/comments?post=50"}],"version-history":[{"count":1,"href":"https:\/\/entornohunterdouglas.com\/index.php\/wp-json\/wp\/v2\/pages\/50\/revisions"}],"predecessor-version":[{"id":52,"href":"https:\/\/entornohunterdouglas.com\/index.php\/wp-json\/wp\/v2\/pages\/50\/revisions\/52"}],"wp:featuredmedia":[{"embeddable":true,"href":"https:\/\/entornohunterdouglas.com\/index.php\/wp-json\/wp\/v2\/media\/51"}],"wp:attachment":[{"href":"https:\/\/entornohunterdouglas.com\/index.php\/wp-json\/wp\/v2\/media?parent=50"}],"curies":[{"name":"wp","href":"https:\/\/api.w.org\/{rel}","templated":true}]}}