{"id":47,"date":"2019-03-07T16:27:50","date_gmt":"2019-03-07T16:27:50","guid":{"rendered":"https:\/\/entornohunterdouglas.com\/?page_id=47"},"modified":"2019-03-07T16:52:57","modified_gmt":"2019-03-07T16:52:57","slug":"water-system","status":"publish","type":"page","link":"https:\/\/entornohunterdouglas.com\/index.php\/water-system\/","title":{"rendered":"Water System"},"content":{"rendered":"<p><strong>PURIFICADOR REVERSE OSMOSIS<br \/>\n<\/strong>La\u00a0\u00f3smosis inversa\u00a0es una tecnolog\u00eda aplicable a numerosos usos tanto a nivel industrial como domestico. La principal ventaja de esta tecnolog\u00eda es que act\u00faa como un separador de operaci\u00f3n continua, el cual va separando el agua purificada por un lado y los contaminantes por el otro gracias \u00a0una membrana semi-permeable, dejando pasar solo agua pura.<\/p>\n<p>Este equipo consta de:<\/p>\n<ul>\n<li>1 Filtro de carb\u00f3n en bloque.<\/li>\n<li>1Filtro de carb\u00f3n activado.<\/li>\n<li>1 Filtro sedimento.<\/li>\n<li>1 Membrana que procesa el agua a nivel molecular.<\/li>\n<li>1 Filtro IN-LINE Post carbon.<\/li>\n<li>1 Filtro de minerales.<\/li>\n<li>1 Llave dispensadora.<\/li>\n<li>1 Tanque de almacenamiento.<\/li>\n<li>1 Bomba.<\/li>\n<\/ul>\n<p>La\u00a0\u00f3smosis inversa elimina nitratos, pesticidas, bacterias, virus, microbios,, herbicidas, cal, mercurio, plomo y otros metales pesados, as\u00ed como todo lo que est\u00e1 disuelto. La membrana \u00f3smosis inversa permite el mayor filtrado; ning\u00fan otro filtro llega hasta este nivel. El equipo va instalado en la cocina debajo del lavadero.<\/p>\n<div id='gallery-1' class='gallery galleryid-47 gallery-columns-3 gallery-size-medium'><dl class='gallery-item'>\n\t\t\t<dt class='gallery-icon landscape'>\n\t\t\t\t<a href='https:\/\/entornohunterdouglas.com\/20160211_112739\/'><img loading=\"lazy\" decoding=\"async\" width=\"300\" height=\"225\" src=\"https:\/\/entornohunterdouglas.com\/wp-content\/uploads\/2019\/03\/20160211_112739-300x225.jpg\" class=\"attachment-medium size-medium\" alt=\"\" \/><\/a>\n\t\t\t<\/dt><\/dl><dl class='gallery-item'>\n\t\t\t<dt class='gallery-icon landscape'>\n\t\t\t\t<a href='https:\/\/entornohunterdouglas.com\/20160211_112807\/'><img loading=\"lazy\" decoding=\"async\" width=\"300\" height=\"225\" src=\"https:\/\/entornohunterdouglas.com\/wp-content\/uploads\/2019\/03\/20160211_112807-300x225.jpg\" class=\"attachment-medium size-medium\" alt=\"\" \/><\/a>\n\t\t\t<\/dt><\/dl><dl class='gallery-item'>\n\t\t\t<dt class='gallery-icon landscape'>\n\t\t\t\t<a href='https:\/\/entornohunterdouglas.com\/20161003_110130\/'><img loading=\"lazy\" decoding=\"async\" width=\"300\" height=\"225\" src=\"https:\/\/entornohunterdouglas.com\/wp-content\/uploads\/2019\/03\/20161003_110130-300x225.jpg\" class=\"attachment-medium size-medium\" alt=\"\" \/><\/a>\n\t\t\t<\/dt><\/dl><br style=\"clear: both\" \/>\n\t\t<\/div>\n\n<p><strong>EQUIPO FILTRANTE<\/strong><br \/>\nUsted puede tener una buena calidad de agua en toda la casa.<\/p>\n<p>Este equipo incluye:<\/p>\n<ul>\n<li>1 tanque 12\u201d x 52\u201d con controlador automatico marca clack (u.s.a.) de 1\u201d.<\/li>\n<li>Regeneraci\u00f3n por dia con retrolavado autom\u00e1tico libre de mantenimiento.<\/li>\n<li>Grava de m\u00e1rmol (filtra part\u00edculas mayor a 95 micras).<\/li>\n<li>Carbon activado (elimina olor, color, sabor, cloro, agroquimicos, pesticidas, etc.<\/li>\n<li>Zeolita (elimina part\u00edculas en suspensi\u00f3n mayores a 95 micaras.).<\/li>\n<li>Green sand plus (elimina manganeso, aluminio, hierro, sulfuro de hidrogeno).<\/li>\n<li>K.d.f. (bactericida).<\/li>\n<\/ul>\n<p><strong>Beneficios:\u00a0<\/strong>Suaviza la piel, es agua dulce sin sabor a tierra, sirve para cocinar, lava los alimento, ayuda con el cabello y muchas cosas mas.<br \/>\n<strong>Garantia:\u00a0<\/strong>14 meses en lechos filtrantes, la garantia no cubre golpes ni choques el\u00e9ctricos.<br \/>\n<strong>Nota:<\/strong> Se requiere que en el sitio de instalaci\u00f3n haya una toma de 110 para el controlador y una toma de drenaje (esto es en el cuarto de bomba).<\/p>\n<div id='gallery-2' class='gallery galleryid-47 gallery-columns-2 gallery-size-medium'><dl class='gallery-item'>\n\t\t\t<dt class='gallery-icon landscape'>\n\t\t\t\t<a href='https:\/\/entornohunterdouglas.com\/suavizador-clack\/'><img loading=\"lazy\" decoding=\"async\" width=\"300\" height=\"300\" src=\"https:\/\/entornohunterdouglas.com\/wp-content\/uploads\/2019\/03\/suavizador-clack.jpg\" class=\"attachment-medium size-medium\" alt=\"\" srcset=\"https:\/\/entornohunterdouglas.com\/wp-content\/uploads\/2019\/03\/suavizador-clack.jpg 300w, https:\/\/entornohunterdouglas.com\/wp-content\/uploads\/2019\/03\/suavizador-clack-150x150.jpg 150w\" sizes=\"auto, (max-width: 300px) 100vw, 300px\" \/><\/a>\n\t\t\t<\/dt><\/dl><dl class='gallery-item'>\n\t\t\t<dt class='gallery-icon landscape'>\n\t\t\t\t<a href='https:\/\/entornohunterdouglas.com\/ws1-5ee\/'><img loading=\"lazy\" decoding=\"async\" width=\"300\" height=\"266\" src=\"https:\/\/entornohunterdouglas.com\/wp-content\/uploads\/2019\/03\/ws1.5ee-300x266.png\" class=\"attachment-medium size-medium\" alt=\"\" \/><\/a>\n\t\t\t<\/dt><\/dl><br style=\"clear: both\" \/>\n\t\t<\/div>\n\n<p><strong>DISPENSADOR DE AGUA HELADA<\/strong><br \/>\nDispensador en acero inoxidable con sistema de purificador de agua de ultra filtraci\u00f3n y de ultima tecnolog\u00eda con ultravioleta.<\/p>\n<p>Caracter\u00edsticas:<\/p>\n<ul>\n<li>Altura 98cm.<\/li>\n<li>Ancho 30cm.<\/li>\n<li>Largo 30cm.<\/li>\n<li>Estructura reforzada en acero inoxidable.<\/li>\n<li>Capacidad del tanque de agua fr\u00eda 4 litros.<\/li>\n<li>Incluye llave de grifo y llave de cuello de ganso.<\/li>\n<li>Dispensador tipo fuente para agua helada.<\/li>\n<li>Incluye purificador de agua 3 etapas filtro doble y membrana de ultra filtraci\u00f3n.<\/li>\n<li>Garant\u00eda de un a\u00f1o, soporte t\u00e9cnico y suministros.<\/li>\n<\/ul>\n","protected":false},"excerpt":{"rendered":"<p>PURIFICADOR REVERSE OSMOSIS La\u00a0\u00f3smosis inversa\u00a0es una tecnolog\u00eda aplicable a numerosos usos tanto a nivel industrial como domestico. La principal ventaja de esta tecnolog\u00eda es que act\u00faa como un separador de operaci\u00f3n continua,<a class=\"moretag\" href=\"https:\/\/entornohunterdouglas.com\/index.php\/water-system\/\">Leer m\u00e1s&#8230;<\/a><\/p>\n","protected":false},"author":1,"featured_media":48,"parent":0,"menu_order":0,"comment_status":"closed","ping_status":"closed","template":"","meta":{"_joinchat":[],"footnotes":""},"class_list":["post-47","page","type-page","status-publish","has-post-thumbnail","hentry"],"_links":{"self":[{"href":"https:\/\/entornohunterdouglas.com\/index.php\/wp-json\/wp\/v2\/pages\/47","targetHints":{"allow":["GET"]}}],"collection":[{"href":"https:\/\/entornohunterdouglas.com\/index.php\/wp-json\/wp\/v2\/pages"}],"about":[{"href":"https:\/\/entornohunterdouglas.com\/index.php\/wp-json\/wp\/v2\/types\/page"}],"author":[{"embeddable":true,"href":"https:\/\/entornohunterdouglas.com\/index.php\/wp-json\/wp\/v2\/users\/1"}],"replies":[{"embeddable":true,"href":"https:\/\/entornohunterdouglas.com\/index.php\/wp-json\/wp\/v2\/comments?post=47"}],"version-history":[{"count":2,"href":"https:\/\/entornohunterdouglas.com\/index.php\/wp-json\/wp\/v2\/pages\/47\/revisions"}],"predecessor-version":[{"id":65,"href":"https:\/\/entornohunterdouglas.com\/index.php\/wp-json\/wp\/v2\/pages\/47\/revisions\/65"}],"wp:featuredmedia":[{"embeddable":true,"href":"https:\/\/entornohunterdouglas.com\/index.php\/wp-json\/wp\/v2\/media\/48"}],"wp:attachment":[{"href":"https:\/\/entornohunterdouglas.com\/index.php\/wp-json\/wp\/v2\/media?parent=47"}],"curies":[{"name":"wp","href":"https:\/\/api.w.org\/{rel}","templated":true}]}}