{"id":44,"date":"2019-03-07T16:26:31","date_gmt":"2019-03-07T16:26:31","guid":{"rendered":"https:\/\/entornohunterdouglas.com\/?page_id=44"},"modified":"2019-03-07T16:26:31","modified_gmt":"2019-03-07T16:26:31","slug":"marmol-pisos","status":"publish","type":"page","link":"https:\/\/entornohunterdouglas.com\/index.php\/marmol-pisos\/","title":{"rendered":"M\u00e1rmol &#038; Pisos"},"content":{"rendered":"<p class=\"p1\"><span class=\"s1\">Ofrecemos la m\u00e1s variada l\u00ednea de pisos con la mayor variedad de dise\u00f1os y los mejores precios del mercado.<\/span><\/p>\n<p class=\"p1\"><span class=\"s1\">Desde la \u00e9poca de la antigua Grecia hasta la actualidad, el m\u00e1rmol ha sido utilizado como material constructivo con magnificos resultados.<\/span><\/p>\n<p class=\"p1\"><span class=\"s1\">Elegido por ser noble y perdurable, ha atravesado siglos erigi\u00e9ndose como un elemento decorativo por excelencia gracias a la habilidad de los verdaderos artesanos que supieron descubrir y combinar formas con colores en composiciones art\u00edsticas \u00fanicas.<\/span><\/p>\n<p class=\"p1\"><span class=\"s1\">En la b\u00fasqueda de una calidad suprema, el m\u00e1rmol hoy resurge como un elemento de aplicaci\u00f3n cotidiana. un material excelente para zonas h\u00famedas con una amplia gama de acabados.&nbsp;<\/span><\/p>\n\n<p><iframe loading=\"lazy\" title=\"Construentorno\" width=\"604\" height=\"340\" src=\"https:\/\/www.youtube.com\/embed\/Efvh9YYow38?feature=oembed\" frameborder=\"0\" allow=\"accelerometer; autoplay; clipboard-write; encrypted-media; gyroscope; picture-in-picture; web-share\" referrerpolicy=\"strict-origin-when-cross-origin\" allowfullscreen><\/iframe><\/p>\n<p>&nbsp;<\/p>\n","protected":false},"excerpt":{"rendered":"<p>Ofrecemos la m\u00e1s variada l\u00ednea de pisos con la mayor variedad de dise\u00f1os y los mejores precios del mercado. Desde la \u00e9poca de la antigua Grecia hasta la actualidad, el m\u00e1rmol ha<a class=\"moretag\" href=\"https:\/\/entornohunterdouglas.com\/index.php\/marmol-pisos\/\">Leer m\u00e1s&#8230;<\/a><\/p>\n","protected":false},"author":1,"featured_media":45,"parent":0,"menu_order":0,"comment_status":"closed","ping_status":"closed","template":"","meta":{"_joinchat":[],"footnotes":""},"class_list":["post-44","page","type-page","status-publish","has-post-thumbnail","hentry"],"_links":{"self":[{"href":"https:\/\/entornohunterdouglas.com\/index.php\/wp-json\/wp\/v2\/pages\/44","targetHints":{"allow":["GET"]}}],"collection":[{"href":"https:\/\/entornohunterdouglas.com\/index.php\/wp-json\/wp\/v2\/pages"}],"about":[{"href":"https:\/\/entornohunterdouglas.com\/index.php\/wp-json\/wp\/v2\/types\/page"}],"author":[{"embeddable":true,"href":"https:\/\/entornohunterdouglas.com\/index.php\/wp-json\/wp\/v2\/users\/1"}],"replies":[{"embeddable":true,"href":"https:\/\/entornohunterdouglas.com\/index.php\/wp-json\/wp\/v2\/comments?post=44"}],"version-history":[{"count":1,"href":"https:\/\/entornohunterdouglas.com\/index.php\/wp-json\/wp\/v2\/pages\/44\/revisions"}],"predecessor-version":[{"id":46,"href":"https:\/\/entornohunterdouglas.com\/index.php\/wp-json\/wp\/v2\/pages\/44\/revisions\/46"}],"wp:featuredmedia":[{"embeddable":true,"href":"https:\/\/entornohunterdouglas.com\/index.php\/wp-json\/wp\/v2\/media\/45"}],"wp:attachment":[{"href":"https:\/\/entornohunterdouglas.com\/index.php\/wp-json\/wp\/v2\/media?parent=44"}],"curies":[{"name":"wp","href":"https:\/\/api.w.org\/{rel}","templated":true}]}}