{"id":35,"date":"2019-03-07T16:20:11","date_gmt":"2019-03-07T16:20:11","guid":{"rendered":"https:\/\/entornohunterdouglas.com\/?page_id=35"},"modified":"2020-11-27T15:20:57","modified_gmt":"2020-11-27T15:20:57","slug":"quienes-somos","status":"publish","type":"page","link":"https:\/\/entornohunterdouglas.com\/index.php\/quienes-somos\/","title":{"rendered":"\u00bfQui\u00e9nes Somos?"},"content":{"rendered":"<div class=\"csRow\">\n<div class=\"csColumnGap\" style=\"margin: 0px; padding: 0px; float: left; width: 1.56%; text-align: right;\"><\/div>\n<div class=\"csColumn\" style=\"margin: 0px; padding: 0px; float: left; width: 47.7%;\" data-csid=\"4e4d1ece-1912-6c41-833d-106281e3e5e5\" data-cswidth=\"47.7%\" data-csendpoint=\"472.5\" data-csstartpoint=\"15\">\n<p><img loading=\"lazy\" decoding=\"async\" class=\"aligncenter wp-image-135 size-full\" src=\"https:\/\/entornohunterdouglas.com\/wp-content\/uploads\/2019\/07\/qs.jpg\" alt=\"\" width=\"525\" height=\"525\" srcset=\"https:\/\/entornohunterdouglas.com\/wp-content\/uploads\/2019\/07\/qs.jpg 525w, https:\/\/entornohunterdouglas.com\/wp-content\/uploads\/2019\/07\/qs-150x150.jpg 150w, https:\/\/entornohunterdouglas.com\/wp-content\/uploads\/2019\/07\/qs-300x300.jpg 300w\" sizes=\"auto, (max-width: 525px) 100vw, 525px\" \/><br \/>\n<img loading=\"lazy\" decoding=\"async\" class=\"aligncenter wp-image-301 size-full\" src=\"https:\/\/i2.wp.com\/hunterdouglasecuador.com\/wp-content\/uploads\/2017\/03\/nosotrosHDE.png?resize=604%2C347\" alt=\"\" width=\"604\" height=\"347\" \/><\/p>\n<\/div>\n<div class=\"csColumn\" style=\"margin: 0px; padding: 0px; float: left; width: 47.7%;\" data-csid=\"8fb7a206-7462-bc9d-af53-1231a9ac7a31\" data-cswidth=\"47.7%\" data-csendpoint=\"945\" data-csstartpoint=\"487.5\"><strong>HUNTER DOUGLAS ES CORTINAS ENTORNO.<\/strong><br \/>\nSomos una empresa corporativa con mas de 20 a\u00f1os de servicio al cliente en la rama de la decoraci\u00f3n. Estamos ubicados en los centros comerciales mas importantes de la cuidad de Guayaquil y crecemos un servicio personalizado con la colaboraci\u00f3n de decoradores y personal altamente calificado. Tenemos representaci\u00f3n en Guayaquil, pen\u00ednsula de Santa Elena, quito, Cuenca, machaca, Loja, gal\u00e1pagos y Miami.<\/p>\n<p class=\"p1\"><span class=\"s1\">Nuestra experiencia y compromiso ofreciendo un servicio profesional con productos de calidad, nos han llevado a ganar los concursos nacionales mas importantes de \u201cprovisi\u00f3n de cortinas\u201d.<\/span><\/p>\n<p class=\"p1\"><span class=\"s1\">Contamos con la inversi\u00f3n y el respaldo necesarios para brindar la mejor asistencia a sus requerimientos. Nuestro mayor logro es la satisfacci\u00f3n y confianza de nuestros clientes.<\/span><\/p>\n<\/div>\n<\/div>\n","protected":false},"excerpt":{"rendered":"<p>HUNTER DOUGLAS ES CORTINAS ENTORNO. Somos una empresa corporativa con mas de 20 a\u00f1os de servicio al cliente en la rama de la decoraci\u00f3n. Estamos ubicados en los centros comerciales mas importantes<a class=\"moretag\" href=\"https:\/\/entornohunterdouglas.com\/index.php\/quienes-somos\/\">Leer m\u00e1s&#8230;<\/a><\/p>\n","protected":false},"author":1,"featured_media":0,"parent":0,"menu_order":0,"comment_status":"closed","ping_status":"closed","template":"","meta":{"_joinchat":[],"footnotes":""},"class_list":["post-35","page","type-page","status-publish","hentry"],"_links":{"self":[{"href":"https:\/\/entornohunterdouglas.com\/index.php\/wp-json\/wp\/v2\/pages\/35","targetHints":{"allow":["GET"]}}],"collection":[{"href":"https:\/\/entornohunterdouglas.com\/index.php\/wp-json\/wp\/v2\/pages"}],"about":[{"href":"https:\/\/entornohunterdouglas.com\/index.php\/wp-json\/wp\/v2\/types\/page"}],"author":[{"embeddable":true,"href":"https:\/\/entornohunterdouglas.com\/index.php\/wp-json\/wp\/v2\/users\/1"}],"replies":[{"embeddable":true,"href":"https:\/\/entornohunterdouglas.com\/index.php\/wp-json\/wp\/v2\/comments?post=35"}],"version-history":[{"count":8,"href":"https:\/\/entornohunterdouglas.com\/index.php\/wp-json\/wp\/v2\/pages\/35\/revisions"}],"predecessor-version":[{"id":142,"href":"https:\/\/entornohunterdouglas.com\/index.php\/wp-json\/wp\/v2\/pages\/35\/revisions\/142"}],"wp:attachment":[{"href":"https:\/\/entornohunterdouglas.com\/index.php\/wp-json\/wp\/v2\/media?parent=35"}],"curies":[{"name":"wp","href":"https:\/\/api.w.org\/{rel}","templated":true}]}}